{"id":931,"date":"2019-01-29T16:11:20","date_gmt":"2019-01-29T15:11:20","guid":{"rendered":"https:\/\/www.systray.cat\/?page_id=931"},"modified":"2020-01-02T12:52:45","modified_gmt":"2020-01-02T11:52:45","slug":"mantenimiento-informatico","status":"publish","type":"page","link":"https:\/\/www.systray.cat\/es\/mantenimiento-informatico\/","title":{"rendered":"Mantenimiento inform\u00e1tico"},"content":{"rendered":"<p><section   class=\"fw-main-row-custom fw-main-row-top fw-section-no-padding  auto  fw-section-position-back tf-sh-8929dd51103ceb689a767fa6cf3c677c\"    >\n\t\t\t<div class=\"fw-container-fluid\" >\n\t\t<div class=\"fw-row\">\n\t<div id=\"column-69f614eab50e3\" class=\"fw-col-sm-12 tf-sh-4fd351c54b400ea7c4598f6a19733346  fw-col-no-padding\" >\n\t<div class=\"fw-wrap-col-inner clearfix  \"   >\n\t\t\t\t<div class=\"fw-col-inner\">\n\t\t\t\t<div class=\"fw-wrap-fade-slider tf-sh-1f1ffd6f1ec1219c8b08b86afa33a65c tf-sh-1f1ffd6f1ec1219c8b08b86afa33a65c388\">\n\t\t<!-- Loading Spinner -->\n\t\t<div class=\"spinner\">\n\t\t\t<div class=\"wBall\" id=\"wBall_1\">\n\t\t\t\t<div class=\"wInnerBall\">\n\t\t\t\t<\/div>\n\t\t\t<\/div>\n\t\t\t<div class=\"wBall\" id=\"wBall_2\">\n\t\t\t\t<div class=\"wInnerBall\">\n\t\t\t\t<\/div>\n\t\t\t<\/div>\n\t\t\t<div class=\"wBall\" id=\"wBall_3\">\n\t\t\t\t<div class=\"wInnerBall\">\n\t\t\t\t<\/div>\n\t\t\t<\/div>\n\t\t\t<div class=\"wBall\" id=\"wBall_4\">\n\t\t\t\t<div class=\"wInnerBall\">\n\t\t\t\t<\/div>\n\t\t\t<\/div>\n\t\t\t<div class=\"wBall\" id=\"wBall_5\">\n\t\t\t\t<div class=\"wInnerBall\">\n\t\t\t\t<\/div>\n\t\t\t<\/div>\n\t\t<\/div>\n\t\t<!--\/ Loading Spinner -->\n\n\t\t<div class=\"fw-fade-slider main-carousel fade-effect invisible default tf-sh-1f1ffd6f1ec1219c8b08b86afa33a65c388\">\n\t\t\t<div id=\"tf-sh-1f1ffd6f1ec1219c8b08b86afa33a65c388\" class=\"myCarousel carousel slide\" data-slides-interval=\"12000\">\n\t\t\t\t<div class=\"carousel-inner\">\n\t\t\t\t\t\t\t\t\t\t\t\t\t\t\t\t\t<div class=\"item lazyload active fw-fade-slider-content-align-center\"  style=\"background-image: url(data:image\/gif;base64,R0lGODlhAQABAAAAACH5BAEKAAEALAAAAAABAAEAAAICTAEAOw==);\" data-bgset=\"https:\/\/www.systray.cat\/wp-content\/uploads\/2019\/12\/reparacionSD-300x200.png 300w, https:\/\/www.systray.cat\/wp-content\/uploads\/2019\/12\/reparacionSD-1024x683.png 1024w, https:\/\/www.systray.cat\/wp-content\/uploads\/2019\/12\/reparacionSD-768x512.png 768w, https:\/\/www.systray.cat\/wp-content\/uploads\/2019\/12\/reparacionSD-1536x1024.png 1536w, https:\/\/www.systray.cat\/wp-content\/uploads\/2019\/12\/reparacionSD-600x400.png 600w, https:\/\/www.systray.cat\/wp-content\/uploads\/2019\/12\/reparacionSD-1200x800.png 1200w, https:\/\/www.systray.cat\/wp-content\/uploads\/2019\/12\/reparacionSD.png 1800w\" >\n\t\t\t\t\t\t\t\t\t\t\t\t\t\t<div class=\"fw-container\">\n\t\t\t\t\t\t\t\t<div class=\"fw-itable\">\n\t\t\t\t\t\t\t\t\t<div class=\"fw-icell\">\n\t\t\t\t\t\t\t\t\t\t<div class=\"fw-fade-slide-text-wrap\">\n\t\t\t\t\t\t\t\t\t\t\t\t\t\t\t\t\t\t\t\t\t\t\t<div data-animate-in=\"fadeInDown\" data-animate-out=\"fadeOutUp\" class=\"invisible\">\n\t\t\t\t\t\t\t\t\t\t\t\t\t<div class=\"fw-fade-slider-title\"><span><p class=\"slider-title\" style=\"padding: 5px 160px 0px;\">Mantenimiento <span style=\"color:#0d91bb;\">Inform\u00e1tico<\/span><\/p><\/span><\/div>\n\t\t\t\t\t\t\t\t\t\t\t\t<\/div>\n\t\t\t\t\t\t\t\t\t\t\t\t\t\t\t\t\t\t\t\t\t\t\t\t\t\t\t\t\t\t\t\t\t\t\t\t\t\t\t\t\t\t\t<\/div>\n\t\t\t\t\t\t\t\t\t<\/div>\n\t\t\t\t\t\t\t\t<\/div>\n\t\t\t\t\t\t\t<\/div>\n\t\t\t\t\t\t<\/div>\n\t\t\t\t\t\t\t\t\t\t\t\t\t\t\t\t\t\t\t\t\t<\/div>\n\t\t\t\t<!--Slider Navigation-->\n\t\t\t\t<!-- Carousel indicators -->\n\t\t\t\t<ol class=\"carousel-indicators\">\n\t\t\t\t\t<li data-target=\"#tf-sh-1f1ffd6f1ec1219c8b08b86afa33a65c388\" data-slide-to=\"0\" class=\"active fw-fade-slider-content-align-center\"><\/li>\n\t\t\t\t<\/ol>\n\t\t\t\t<div class=\"fw-first-slider-image\" data-image=\"\/\/www.systray.cat\/wp-content\/uploads\/2019\/12\/reparacionSD.png\"><\/div>\n\t\t\t<\/div>\n\t\t<\/div>\n\t<\/div>\n\t\t<\/div>\n\t<\/div>\n<\/div><\/div>\n\n\t<\/div>\n\t<\/section><section   class=\"fw-main-row-custom  auto  fw-section-position-back tf-sh-484935a659a69fce0b5b266e7cdca8df\"    >\n\t\t\t<div class=\"fw-container\" >\n\t\t<div class=\"fw-row\">\n\t<div id=\"column-69f614eab637e\" class=\"fw-col-sm-4 tf-sh-c350899776a7acc9b01c3951e00bd059\" >\n\t<div class=\"fw-wrap-col-inner clearfix  \"   >\n\t\t\t\t<div class=\"fw-col-inner\">\n\t\t\t<div class=\"fw-iconbox clearfix tf-sh-8cedfad557230caeadeec4c26f613244 fw-iconbox-2    bg-none \" >\n\t<div class=\"fw-iconbox-image \" style=\"\">\n\t\t\t\t\t<i class=\"fa fa-wrench fw_theme_text_color_2\" style=\"\"><\/i>\n\t\t\t<\/div>\n\n\t<div class=\"fw-iconbox-aside\">\n\t\t\t\t\t<div class=\"fw-iconbox-title\">\n\t\t\t\t<h3>Reparaci\u00f3n de equipos<\/h3>\n\t\t\t<\/div>\n\t\t\n\t\t\t\t\t<div class=\"fw-iconbox-text\">\n\t\t\t\t<p>Nos encargamos de reparar cualquier sistema inform\u00e1tico, tanto equipos como servidores. Solucionamos problemas tanto de software como de hardware.<\/p>\t\t\t<\/div>\n\t\t\n\t\t\t<\/div>\n<\/div>\t\t<\/div>\n\t<\/div>\n<\/div><div id=\"column-69f614eab686d\" class=\"fw-col-sm-4 tf-sh-7d310ef9ace59a16e43dfb40433834bc\" >\n\t<div class=\"fw-wrap-col-inner clearfix  \"   >\n\t\t\t\t<div class=\"fw-col-inner\">\n\t\t\t<div class=\"fw-iconbox clearfix tf-sh-86236a30ce7aac599aca2b6aa6bacd6c fw-iconbox-2    bg-none \" >\n\t<div class=\"fw-iconbox-image \" style=\"\">\n\t\t\t\t\t<i class=\"fa fa-question-circle-o fw_theme_text_color_2\" style=\"\"><\/i>\n\t\t\t<\/div>\n\n\t<div class=\"fw-iconbox-aside\">\n\t\t\t\t\t<div class=\"fw-iconbox-title\">\n\t\t\t\t<h3>Asesoramiento<\/h3>\n\t\t\t<\/div>\n\t\t\n\t\t\t\t\t<div class=\"fw-iconbox-text\">\n\t\t\t\t<p>Nuestro trabajo se basa en asesorar y acompa\u00f1ar el crecimiento de la red inform\u00e1tica. Todo esto de forma flexible y adaptada a futuros cambios.\u00a0<\/p>\t\t\t<\/div>\n\t\t\n\t\t\t<\/div>\n<\/div>\t\t<\/div>\n\t<\/div>\n<\/div><div id=\"column-69f614eab6cf4\" class=\"fw-col-sm-4 tf-sh-d830901274a0d6f8e778ccb117bf7e0b\" >\n\t<div class=\"fw-wrap-col-inner clearfix  \"   >\n\t\t\t\t<div class=\"fw-col-inner\">\n\t\t\t<div class=\"fw-iconbox clearfix tf-sh-3875be4f81df61b4f0da9b240b1b30a5 fw-iconbox-2    bg-none \" >\n\t<div class=\"fw-iconbox-image \" style=\"\">\n\t\t\t\t\t<i class=\"fa fa-dashboard fw_theme_text_color_2\" style=\"\"><\/i>\n\t\t\t<\/div>\n\n\t<div class=\"fw-iconbox-aside\">\n\t\t\t\t\t<div class=\"fw-iconbox-title\">\n\t\t\t\t<h3>Soporte Remoto<\/h3>\n\t\t\t<\/div>\n\t\t\n\t\t\t\t\t<div class=\"fw-iconbox-text\">\n\t\t\t\t<p>Te damos soporte remoto mediante nuestro programa. De esta manera evitamos desplazamientos y esperas innecesarias.\u00a0<\/p>\t\t\t<\/div>\n\t\t\n\t\t\t<\/div>\n<\/div>\t\t<\/div>\n\t<\/div>\n<\/div><\/div>\n\n<div class=\"fw-row\">\n\t<div id=\"column-69f614eab7324\" class=\"fw-col-sm-12 fw-mobile-hide-element tf-sh-f56074d29b9cc45e7c3d71b5fa322553\" >\n\t<div class=\"fw-wrap-col-inner clearfix  \"   >\n\t\t\t\t<div class=\"fw-col-inner\">\n\t\t\t<div class=\"fw-divider-space space-sm  clearfix\"  ><\/div>\t\t<\/div>\n\t<\/div>\n<\/div><\/div>\n\n<div class=\"fw-row\">\n\t<div id=\"column-69f614eab7820\" class=\"fw-col-sm-4 tf-sh-916e5751d32f5c5426f09c94f05a0aad\" >\n\t<div class=\"fw-wrap-col-inner clearfix  \"   >\n\t\t\t\t<div class=\"fw-col-inner\">\n\t\t\t<div class=\"fw-iconbox clearfix tf-sh-9d64f530f2895e6ea98dfc96f893a7db fw-iconbox-2    bg-none \" >\n\t<div class=\"fw-iconbox-image \" style=\"\">\n\t\t\t\t\t<i class=\"fa fa-desktop fw_theme_text_color_2\" style=\"\"><\/i>\n\t\t\t<\/div>\n\n\t<div class=\"fw-iconbox-aside\">\n\t\t\t\t\t<div class=\"fw-iconbox-title\">\n\t\t\t\t<h3>Servidores y redes<\/h3>\n\t\t\t<\/div>\n\t\t\n\t\t\t\t\t<div class=\"fw-iconbox-text\">\n\t\t\t\t<p>Instalamos servidores en local como en la nube. Tanto en Windows Server como en Linux. Siempre siguiendo los requisitos del cliente y las necesidades del montaje.<\/p>\t\t\t<\/div>\n\t\t\n\t\t\t<\/div>\n<\/div>\t\t<\/div>\n\t<\/div>\n<\/div><div id=\"column-69f614eab7ca0\" class=\"fw-col-sm-4 tf-sh-8de0911eb1508445d7cc1eded76056da\" >\n\t<div class=\"fw-wrap-col-inner clearfix  \"   >\n\t\t\t\t<div class=\"fw-col-inner\">\n\t\t\t<div class=\"fw-iconbox clearfix tf-sh-2878bd4e4c48d423f7f76b5073afe653 fw-iconbox-2    bg-none \" >\n\t<div class=\"fw-iconbox-image \" style=\"\">\n\t\t\t\t\t<i class=\"fa fa-umbrella fw_theme_text_color_2\" style=\"\"><\/i>\n\t\t\t<\/div>\n\n\t<div class=\"fw-iconbox-aside\">\n\t\t\t\t\t<div class=\"fw-iconbox-title\">\n\t\t\t\t<h3>Seguridad perimetral<\/h3>\n\t\t\t<\/div>\n\t\t\n\t\t\t\t\t<div class=\"fw-iconbox-text\">\n\t\t\t\t<p>Tomamos las medidas necesarias para garantizar la seguridad de su empresa:<br \/>Antivirus, pol\u00edticas de seguridad, firewalls, conexiones VPN y encriptaci\u00f3n de discos.<\/p>\t\t\t<\/div>\n\t\t\n\t\t\t<\/div>\n<\/div>\t\t<\/div>\n\t<\/div>\n<\/div><div id=\"column-69f614eab8102\" class=\"fw-col-sm-4 tf-sh-478a6cebbb68f376e1128e20263ce234\" >\n\t<div class=\"fw-wrap-col-inner clearfix  \"   >\n\t\t\t\t<div class=\"fw-col-inner\">\n\t\t\t<div class=\"fw-iconbox clearfix tf-sh-b99c66b45ef73a33a9ffbcf5c7d5e072 fw-iconbox-2    bg-none \" >\n\t<div class=\"fw-iconbox-image \" style=\"\">\n\t\t\t\t\t<i class=\"fa fa-building-o fw_theme_text_color_2\" style=\"\"><\/i>\n\t\t\t<\/div>\n\n\t<div class=\"fw-iconbox-aside\">\n\t\t\t\t\t<div class=\"fw-iconbox-title\">\n\t\t\t\t<h3>Venta de equipos<\/h3>\n\t\t\t<\/div>\n\t\t\n\t\t\t\t\t<div class=\"fw-iconbox-text\">\n\t\t\t\t<p>Proveemos a nuestros clientes de equipamiento inform\u00e1tico de grado empresarial. Tanto equipos, port\u00e1tiles, servidores y accesorios, siempre son equipos orientados a un uso profesional. Siempre con precios competitivos.\u00a0<\/p>\t\t\t<\/div>\n\t\t\n\t\t\t<\/div>\n<\/div>\t\t<\/div>\n\t<\/div>\n<\/div><\/div>\n\n\t<\/div>\n\t<\/section><section  id=\"contacto\" class=\"fw-main-row-custom fw-section-no-padding  auto  fw-section-position-back tf-sh-858aa311b89bd76a81c32c87dc2cd01b\"    >\n\t\t\t<div class=\"fw-container\" >\n\t\t<div class=\"fw-row\">\n\t<div id=\"column-69f614eab8acd\" class=\"fw-col-sm-12 tf-sh-5d646ee50752c06bb2628057095c7ba0\" >\n\t<div class=\"fw-wrap-col-inner clearfix  \"   >\n\t\t\t\t<div class=\"fw-col-inner\">\n\t\t\t<div class=\"fw-heading fw-heading-center  fw-animated-element tf-sh-db9b1be93382b159ede3c6930d716b0d\"  data-animation-type=\"fadeInUp\" data-animation-delay=\"300\">\n\t\t\t<h2 class=\"fw-special-title\">Contacta con nosotros<\/h2>\n\t\n\t\n\t<\/div>\t\t<\/div>\n\t<\/div>\n<\/div><\/div>\n\n<div class=\"fw-row\">\n\t<div id=\"column-69f614eab8ffb\" class=\"fw-col-sm-2 fw-mobile-hide-element tf-sh-db8f13b08a159137daf0e4c1fa3e7c9b\" >\n\t<div class=\"fw-wrap-col-inner clearfix  \"   >\n\t\t\t\t<div class=\"fw-col-inner\">\n\t\t\t\t\t<\/div>\n\t<\/div>\n<\/div><div id=\"column-69f614eab91d9\" class=\"fw-col-sm-8 tf-sh-7656e4c0012544bf9a1ea0c50aaea661 contact-form fw-animated-element\" data-animation-type=\"fadeInUp\" data-animation-delay=\"300\">\n\t<div class=\"fw-wrap-col-inner clearfix  \"   >\n\t\t\t\t<div class=\"fw-col-inner\">\n\t\t\t<div class=\"fw-contact-form tf-sh-5a28410c9d19bedbe97614f063f393fc \" data-redirect-page=\"https:\/\/www.systray.cat\">\n\t<div class=\"fw-row wrap-forms wrap-contact-forms\">\n\t\t<form data-fw-form-id=\"fw_form\" method=\"post\" action=\"https:\/\/www.systray.cat\/es\/wp-json\/wp\/v2\/pages\/931\" class=\"fw_form_fw_form\" data-fw-ext-forms-type=\"contact-forms\"  ><input type=\"hidden\" name=\"fwf\" value=\"fw_form\" \/><input type=\"hidden\" id=\"_nonce_c15b3fc536b86ab69bdae227989e2ba3\" name=\"_nonce_c15b3fc536b86ab69bdae227989e2ba3\" value=\"b559e48973\" \/><input type=\"hidden\" name=\"_wp_http_referer\" value=\"\/es\/wp-json\/wp\/v2\/pages\/931\" \/><input type=\"hidden\" name=\"fw_ext_forms_form_type\" value=\"contact-forms\" \/><input type=\"hidden\" name=\"fw_ext_forms_form_id\" value=\"5a28410c9d19bedbe97614f063f393fc\" \/><div class=\"fw-row\"><\/div><div class=\"fw-row\"><div class=\"fw-col-xs-12 fw-col-sm-6 form-builder-item\">\n\t<div class=\"field-text\">\n\t\t\t\t<input type=\"text\" name=\"text_566e675\" placeholder=\"Nombre\" value=\"\" id=\"id-1\" class=\"required\" >\n\t\t\t<\/div>\n<\/div><div class=\"fw-col-xs-12 fw-col-sm-6 form-builder-item\">\n\t<div class=\"field-text\">\n\t\t\t\t<input type=\"text\" name=\"text_d016cd9\" placeholder=\"Empresa\" value=\"\" id=\"id-2\" >\n\t\t\t<\/div>\n<\/div><\/div><div class=\"fw-row\"><div class=\"fw-col-xs-12 fw-col-sm-6 form-builder-item\">\n\t<div class=\"field-text\">\n\t\t\t\t<input type=\"text\" name=\"email_4e05c28\" placeholder=\"Correo electr\u00f3nico\" value=\"\" id=\"id-3\" class=\"required\" >\n\t\t\t<\/div>\n<\/div><div class=\"fw-col-xs-12 fw-col-sm-6 form-builder-item\">\n\t<div class=\"field-text\">\n\t\t\t\t<input type=\"text\" name=\"text_94a3cb2\" placeholder=\"N\u00famero de tel\u00e9fono\" value=\"\" id=\"id-4\" class=\"required\" >\n\t\t\t<\/div>\n<\/div><\/div><div class=\"fw-row\"><div class=\"fw-col-xs-12 form-builder-item\">\n\t<div class=\"field-textarea\">\n\t\t\t\t\t<label for=\"id-5\">Mensaje\t\t\t\t<sup>*<\/sup>\t\t\t<\/label>\n\t\t\t\t<textarea name=\"textarea_33490e5\" placeholder=\"\" id=\"id-5\" class=\"required\" ><\/textarea>\n\t\t\t<\/div>\n<\/div><\/div><div class=\"fw-row\"><div class=\"fw-col-xs-12 fw-col-sm-6 form-builder-item\">\n\t<div class=\"field-recaptcha\">\n\t\t<label><\/label>\n\t\t<input type=\"hidden\" name=\"recaptcha_2197357\">\n\t\t<div class=\"form-builder-item-recaptcha\" ><\/div>\n\t<\/div>\n<\/div><\/div><div class=\"fw-row\">\n\t\t\t<div class=\"fw-col-sm-12 field-submit text-center\">\n\t\t\t<button type=\"submit\" class=\"fw-btn  fw-btn-md fw-btn-1\" style=\"\">\n\t\t\t\t<span>\n\t\t\t\t\t\t\t\t\t\t\t\u00a0 \u00a0 \u00a0 ENVIAR AHORA \u00a0 \u00a0 \u00a0\t\t\t\t\t\t\t\t\t<\/span>\n\t\t\t<\/button>\n\t\t<\/div>\n\t<\/div><\/form>\t<\/div>\n<\/div>\t\t<\/div>\n\t<\/div>\n<\/div><div id=\"column-69f614eabafd5\" class=\"fw-col-sm-2 fw-mobile-hide-element tf-sh-0e5859adfb07d0b62f0becd40029118d\" >\n\t<div class=\"fw-wrap-col-inner clearfix  \"   >\n\t\t\t\t<div class=\"fw-col-inner\">\n\t\t\t\t\t<\/div>\n\t<\/div>\n<\/div><\/div>\n\n<div class=\"fw-row\">\n\t<div id=\"column-69f614eabb39c\" class=\"fw-col-sm-12 tf-sh-11b2337f10cb41737982c7c6aec0ef6b\" >\n\t<div class=\"fw-wrap-col-inner clearfix  \"   >\n\t\t\t\t<div class=\"fw-col-inner\">\n\t\t\t<div class=\"fw-divider-space  fw-custom-space  clearfix\" style=\"height:65px;\" ><\/div>\t\t<\/div>\n\t<\/div>\n<\/div><\/div>\n\n<div class=\"fw-row\">\n\t<div id=\"column-69f614eabb8d4\" class=\"fw-col-sm-6 tf-sh-6f1535b3ca24f61718f8e3a647c6f3d8  fw-col-no-padding\" >\n\t<div class=\"fw-wrap-col-inner clearfix  \"   >\n\t\t\t\t<div class=\"fw-col-inner\">\n\t\t\t\t<div  class=\"fw-divider tf-sh-cee439ae11717b22803be8104842a41a  fw-divider-align-right fw-line-solid fw-divider-line   fw_theme_border_only_color_2\"  style=\"width:540px; padding-top:0px; margin-bottom:0px; \" ><\/div>\n\t\t<\/div>\n\t<\/div>\n<\/div><div id=\"column-69f614eabbd1f\" class=\"fw-col-sm-6 tf-sh-7b683bfc72e8ac9aefcbf4969499c1c7  fw-col-no-padding\" >\n\t<div class=\"fw-wrap-col-inner clearfix  \"   >\n\t\t\t\t<div class=\"fw-col-inner\">\n\t\t\t\t<div  class=\"fw-divider tf-sh-df2c4f627d58db7753eee006b38b0844  fw-divider-align-left fw-line-solid fw-divider-line  \"  style=\"width:540px; padding-top:0px; margin-bottom:0px; border-color:#b3bfc2;\" ><\/div>\n\t\t<\/div>\n\t<\/div>\n<\/div><\/div>\n\n\t<\/div>\n\t<\/section><\/p>\n","protected":false},"excerpt":{"rendered":"<p>Mantenimiento Inform\u00e1tico Reparaci\u00f3n de equipos Nos encargamos de reparar cualquier sistema inform\u00e1tico, tanto equipos como servidores. Solucionamos problemas tanto de software como de hardware. Asesoramiento Nuestro trabajo se basa en asesorar y acompa\u00f1ar el crecimiento de la red inform\u00e1tica. Todo esto de forma flexible y adaptada a futuros cambios.\u00a0 Soporte Remoto Te damos soporte remoto [&hellip;]<\/p>\n","protected":false},"author":1,"featured_media":0,"parent":0,"menu_order":0,"comment_status":"closed","ping_status":"closed","template":"visual-builder-template.php","meta":{"footnotes":""},"class_list":["post-931","page","type-page","status-publish","hentry"],"yoast_head":"<!-- This site is optimized with the Yoast SEO plugin v27.5 - https:\/\/yoast.com\/product\/yoast-seo-wordpress\/ -->\n<title>Mantenimiento inform\u00e1tico | Systray Solutions<\/title>\n<meta name=\"description\" content=\"Reparaci\u00f3n de equipos \u00b7 Asistencia remota \u00b7 Asesoramiento \u00b7 Servidores \u00b7 Redes \u00b7 Venta de equipos \u00b7 Seguridad inform\u00e1tica \u00b7 Antivirus \u00b7 Firewall \u00b7 VPN\" \/>\n<meta name=\"robots\" content=\"index, follow, max-snippet:-1, max-image-preview:large, max-video-preview:-1\" \/>\n<link rel=\"canonical\" href=\"https:\/\/www.systray.cat\/es\/mantenimiento-informatico\/\" \/>\n<meta property=\"og:locale\" content=\"es_ES\" \/>\n<meta property=\"og:type\" content=\"article\" \/>\n<meta property=\"og:title\" content=\"Mantenimiento inform\u00e1tico | Systray Solutions\" \/>\n<meta property=\"og:description\" content=\"Reparaci\u00f3n de equipos \u00b7 Asistencia remota \u00b7 Asesoramiento \u00b7 Servidores \u00b7 Redes \u00b7 Venta de equipos \u00b7 Seguridad inform\u00e1tica \u00b7 Antivirus \u00b7 Firewall \u00b7 VPN\" \/>\n<meta property=\"og:url\" content=\"https:\/\/www.systray.cat\/es\/mantenimiento-informatico\/\" \/>\n<meta property=\"og:site_name\" content=\"Systray Solutions\" \/>\n<meta property=\"article:modified_time\" content=\"2020-01-02T11:52:45+00:00\" \/>\n<meta name=\"twitter:card\" content=\"summary_large_image\" \/>\n<meta name=\"twitter:label1\" content=\"Tiempo de lectura\" \/>\n\t<meta name=\"twitter:data1\" content=\"1 minuto\" \/>\n<script type=\"application\/ld+json\" class=\"yoast-schema-graph\">{\"@context\":\"https:\\\/\\\/schema.org\",\"@graph\":[{\"@type\":\"WebPage\",\"@id\":\"https:\\\/\\\/www.systray.cat\\\/es\\\/mantenimiento-informatico\\\/\",\"url\":\"https:\\\/\\\/www.systray.cat\\\/es\\\/mantenimiento-informatico\\\/\",\"name\":\"Mantenimiento inform\u00e1tico | Systray Solutions\",\"isPartOf\":{\"@id\":\"https:\\\/\\\/www.systray.cat\\\/es\\\/#website\"},\"datePublished\":\"2019-01-29T15:11:20+00:00\",\"dateModified\":\"2020-01-02T11:52:45+00:00\",\"description\":\"Reparaci\u00f3n de equipos \u00b7 Asistencia remota \u00b7 Asesoramiento \u00b7 Servidores \u00b7 Redes \u00b7 Venta de equipos \u00b7 Seguridad inform\u00e1tica \u00b7 Antivirus \u00b7 Firewall \u00b7 VPN\",\"breadcrumb\":{\"@id\":\"https:\\\/\\\/www.systray.cat\\\/es\\\/mantenimiento-informatico\\\/#breadcrumb\"},\"inLanguage\":\"es\",\"potentialAction\":[{\"@type\":\"ReadAction\",\"target\":[\"https:\\\/\\\/www.systray.cat\\\/es\\\/mantenimiento-informatico\\\/\"]}]},{\"@type\":\"BreadcrumbList\",\"@id\":\"https:\\\/\\\/www.systray.cat\\\/es\\\/mantenimiento-informatico\\\/#breadcrumb\",\"itemListElement\":[{\"@type\":\"ListItem\",\"position\":1,\"name\":\"Home\",\"item\":\"https:\\\/\\\/www.systray.cat\\\/es\\\/\"},{\"@type\":\"ListItem\",\"position\":2,\"name\":\"Mantenimiento inform\u00e1tico\"}]},{\"@type\":\"WebSite\",\"@id\":\"https:\\\/\\\/www.systray.cat\\\/es\\\/#website\",\"url\":\"https:\\\/\\\/www.systray.cat\\\/es\\\/\",\"name\":\"Systray Solutions\",\"description\":\"\",\"publisher\":{\"@id\":\"https:\\\/\\\/www.systray.cat\\\/es\\\/#organization\"},\"potentialAction\":[{\"@type\":\"SearchAction\",\"target\":{\"@type\":\"EntryPoint\",\"urlTemplate\":\"https:\\\/\\\/www.systray.cat\\\/es\\\/?s={search_term_string}\"},\"query-input\":{\"@type\":\"PropertyValueSpecification\",\"valueRequired\":true,\"valueName\":\"search_term_string\"}}],\"inLanguage\":\"es\"},{\"@type\":\"Organization\",\"@id\":\"https:\\\/\\\/www.systray.cat\\\/es\\\/#organization\",\"name\":\"Systray Solutions\",\"url\":\"https:\\\/\\\/www.systray.cat\\\/es\\\/\",\"logo\":{\"@type\":\"ImageObject\",\"inLanguage\":\"es\",\"@id\":\"https:\\\/\\\/www.systray.cat\\\/es\\\/#\\\/schema\\\/logo\\\/image\\\/\",\"url\":\"https:\\\/\\\/www.systray.cat\\\/wp-content\\\/uploads\\\/2019\\\/01\\\/LOGOTIP-Cuadrat-1.jpg\",\"contentUrl\":\"https:\\\/\\\/www.systray.cat\\\/wp-content\\\/uploads\\\/2019\\\/01\\\/LOGOTIP-Cuadrat-1.jpg\",\"width\":250,\"height\":250,\"caption\":\"Systray Solutions\"},\"image\":{\"@id\":\"https:\\\/\\\/www.systray.cat\\\/es\\\/#\\\/schema\\\/logo\\\/image\\\/\"}}]}<\/script>\n<!-- \/ Yoast SEO plugin. -->","yoast_head_json":{"title":"Mantenimiento inform\u00e1tico | Systray Solutions","description":"Reparaci\u00f3n de equipos \u00b7 Asistencia remota \u00b7 Asesoramiento \u00b7 Servidores \u00b7 Redes \u00b7 Venta de equipos \u00b7 Seguridad inform\u00e1tica \u00b7 Antivirus \u00b7 Firewall \u00b7 VPN","robots":{"index":"index","follow":"follow","max-snippet":"max-snippet:-1","max-image-preview":"max-image-preview:large","max-video-preview":"max-video-preview:-1"},"canonical":"https:\/\/www.systray.cat\/es\/mantenimiento-informatico\/","og_locale":"es_ES","og_type":"article","og_title":"Mantenimiento inform\u00e1tico | Systray Solutions","og_description":"Reparaci\u00f3n de equipos \u00b7 Asistencia remota \u00b7 Asesoramiento \u00b7 Servidores \u00b7 Redes \u00b7 Venta de equipos \u00b7 Seguridad inform\u00e1tica \u00b7 Antivirus \u00b7 Firewall \u00b7 VPN","og_url":"https:\/\/www.systray.cat\/es\/mantenimiento-informatico\/","og_site_name":"Systray Solutions","article_modified_time":"2020-01-02T11:52:45+00:00","twitter_card":"summary_large_image","twitter_misc":{"Tiempo de lectura":"1 minuto"},"schema":{"@context":"https:\/\/schema.org","@graph":[{"@type":"WebPage","@id":"https:\/\/www.systray.cat\/es\/mantenimiento-informatico\/","url":"https:\/\/www.systray.cat\/es\/mantenimiento-informatico\/","name":"Mantenimiento inform\u00e1tico | Systray Solutions","isPartOf":{"@id":"https:\/\/www.systray.cat\/es\/#website"},"datePublished":"2019-01-29T15:11:20+00:00","dateModified":"2020-01-02T11:52:45+00:00","description":"Reparaci\u00f3n de equipos \u00b7 Asistencia remota \u00b7 Asesoramiento \u00b7 Servidores \u00b7 Redes \u00b7 Venta de equipos \u00b7 Seguridad inform\u00e1tica \u00b7 Antivirus \u00b7 Firewall \u00b7 VPN","breadcrumb":{"@id":"https:\/\/www.systray.cat\/es\/mantenimiento-informatico\/#breadcrumb"},"inLanguage":"es","potentialAction":[{"@type":"ReadAction","target":["https:\/\/www.systray.cat\/es\/mantenimiento-informatico\/"]}]},{"@type":"BreadcrumbList","@id":"https:\/\/www.systray.cat\/es\/mantenimiento-informatico\/#breadcrumb","itemListElement":[{"@type":"ListItem","position":1,"name":"Home","item":"https:\/\/www.systray.cat\/es\/"},{"@type":"ListItem","position":2,"name":"Mantenimiento inform\u00e1tico"}]},{"@type":"WebSite","@id":"https:\/\/www.systray.cat\/es\/#website","url":"https:\/\/www.systray.cat\/es\/","name":"Systray Solutions","description":"","publisher":{"@id":"https:\/\/www.systray.cat\/es\/#organization"},"potentialAction":[{"@type":"SearchAction","target":{"@type":"EntryPoint","urlTemplate":"https:\/\/www.systray.cat\/es\/?s={search_term_string}"},"query-input":{"@type":"PropertyValueSpecification","valueRequired":true,"valueName":"search_term_string"}}],"inLanguage":"es"},{"@type":"Organization","@id":"https:\/\/www.systray.cat\/es\/#organization","name":"Systray Solutions","url":"https:\/\/www.systray.cat\/es\/","logo":{"@type":"ImageObject","inLanguage":"es","@id":"https:\/\/www.systray.cat\/es\/#\/schema\/logo\/image\/","url":"https:\/\/www.systray.cat\/wp-content\/uploads\/2019\/01\/LOGOTIP-Cuadrat-1.jpg","contentUrl":"https:\/\/www.systray.cat\/wp-content\/uploads\/2019\/01\/LOGOTIP-Cuadrat-1.jpg","width":250,"height":250,"caption":"Systray Solutions"},"image":{"@id":"https:\/\/www.systray.cat\/es\/#\/schema\/logo\/image\/"}}]}},"_links":{"self":[{"href":"https:\/\/www.systray.cat\/es\/wp-json\/wp\/v2\/pages\/931","targetHints":{"allow":["GET"]}}],"collection":[{"href":"https:\/\/www.systray.cat\/es\/wp-json\/wp\/v2\/pages"}],"about":[{"href":"https:\/\/www.systray.cat\/es\/wp-json\/wp\/v2\/types\/page"}],"author":[{"embeddable":true,"href":"https:\/\/www.systray.cat\/es\/wp-json\/wp\/v2\/users\/1"}],"replies":[{"embeddable":true,"href":"https:\/\/www.systray.cat\/es\/wp-json\/wp\/v2\/comments?post=931"}],"version-history":[{"count":0,"href":"https:\/\/www.systray.cat\/es\/wp-json\/wp\/v2\/pages\/931\/revisions"}],"wp:attachment":[{"href":"https:\/\/www.systray.cat\/es\/wp-json\/wp\/v2\/media?parent=931"}],"curies":[{"name":"wp","href":"https:\/\/api.w.org\/{rel}","templated":true}]}}