{"id":603,"date":"2017-04-11T08:42:58","date_gmt":"2017-04-11T08:42:58","guid":{"rendered":"http:\/\/25.61.71.217\/systray\/?page_id=603"},"modified":"2025-01-27T15:54:25","modified_gmt":"2025-01-27T14:54:25","slug":"el-mejor-erp-para-pymes","status":"publish","type":"page","link":"https:\/\/www.systray.cat\/es\/el-mejor-erp-para-pymes\/","title":{"rendered":"El mejor ERP para las PYMES"},"content":{"rendered":"<p><section   class=\"fw-main-row-custom fw-main-row-top fw-section-no-padding  auto  fw-section-position-back tf-sh-98906524508d4bbe8d92e890e65755e6\"    >\n\t\t\t<div class=\"fw-container-fluid\" >\n\t\t<div class=\"fw-row\">\n\t<div id=\"column-69fc9fb55689a\" class=\"fw-col-sm-12 tf-sh-186a1ac88cee0c8b0e7f58bd526d4156  fw-col-no-padding\" >\n\t<div class=\"fw-wrap-col-inner clearfix  \"   >\n\t\t\t\t<div class=\"fw-col-inner\">\n\t\t\t\t<div class=\"fw-wrap-fade-slider tf-sh-ca5b22e5d02dde4c1a083c588f7fae0f tf-sh-ca5b22e5d02dde4c1a083c588f7fae0f208\">\n\t\t<!-- Loading Spinner -->\n\t\t<div class=\"spinner\">\n\t\t\t<div class=\"wBall\" id=\"wBall_1\">\n\t\t\t\t<div class=\"wInnerBall\">\n\t\t\t\t<\/div>\n\t\t\t<\/div>\n\t\t\t<div class=\"wBall\" id=\"wBall_2\">\n\t\t\t\t<div class=\"wInnerBall\">\n\t\t\t\t<\/div>\n\t\t\t<\/div>\n\t\t\t<div class=\"wBall\" id=\"wBall_3\">\n\t\t\t\t<div class=\"wInnerBall\">\n\t\t\t\t<\/div>\n\t\t\t<\/div>\n\t\t\t<div class=\"wBall\" id=\"wBall_4\">\n\t\t\t\t<div class=\"wInnerBall\">\n\t\t\t\t<\/div>\n\t\t\t<\/div>\n\t\t\t<div class=\"wBall\" id=\"wBall_5\">\n\t\t\t\t<div class=\"wInnerBall\">\n\t\t\t\t<\/div>\n\t\t\t<\/div>\n\t\t<\/div>\n\t\t<!--\/ Loading Spinner -->\n\n\t\t<div class=\"fw-fade-slider main-carousel fade-effect invisible default tf-sh-ca5b22e5d02dde4c1a083c588f7fae0f208\">\n\t\t\t<div id=\"tf-sh-ca5b22e5d02dde4c1a083c588f7fae0f208\" class=\"myCarousel carousel slide\" data-slides-interval=\"12000\">\n\t\t\t\t<div class=\"carousel-inner\">\n\t\t\t\t\t\t\t\t\t\t\t\t\t\t\t\t\t<div class=\"item lazyload active fw-fade-slider-content-align-left\"  style=\"background-image: url(data:image\/gif;base64,R0lGODlhAQABAAAAACH5BAEKAAEALAAAAAABAAEAAAICTAEAOw==);\" data-bgset=\"https:\/\/www.systray.cat\/wp-content\/uploads\/2017\/04\/neis-acc-small-business-training-2.jpg\" >\n\t\t\t\t\t\t\t<div class=\"fw-main-row-overlay fw_theme_bg_color_5\" style=\"opacity: 0.28;\"><\/div>\t\t\t\t\t\t\t<div class=\"fw-container\">\n\t\t\t\t\t\t\t\t<div class=\"fw-itable\">\n\t\t\t\t\t\t\t\t\t<div class=\"fw-icell\">\n\t\t\t\t\t\t\t\t\t\t<div class=\"fw-fade-slide-text-wrap\">\n\t\t\t\t\t\t\t\t\t\t\t\t\t\t\t\t\t\t\t\t\t\t\t<div data-animate-in=\"fadeInDown\" data-animate-out=\"fadeOutUp\" class=\"invisible\">\n\t\t\t\t\t\t\t\t\t\t\t\t\t<div class=\"fw-fade-slider-title\"><span><p class=\"slider-title\" style=\"padding: 120px 160px 0px;\">El mejor <span style=\"color:#0d91bb;\">ERP<\/span> para PYMES<\/p><\/span><\/div>\n\t\t\t\t\t\t\t\t\t\t\t\t<\/div>\n\t\t\t\t\t\t\t\t\t\t\t\t\t\t\t\t\t\t\t\t\t\t\t\t\t\t\t\t\t\t\t\t\t\t\t\t\t\t\t\t\t\t\t<\/div>\n\t\t\t\t\t\t\t\t\t<\/div>\n\t\t\t\t\t\t\t\t<\/div>\n\t\t\t\t\t\t\t<\/div>\n\t\t\t\t\t\t<\/div>\n\t\t\t\t\t\t\t\t\t\t\t\t\t\t\t\t\t\t\t\t\t<\/div>\n\t\t\t\t<!--Slider Navigation-->\n\t\t\t\t<!-- Carousel indicators -->\n\t\t\t\t<ol class=\"carousel-indicators\">\n\t\t\t\t\t<li data-target=\"#tf-sh-ca5b22e5d02dde4c1a083c588f7fae0f208\" data-slide-to=\"0\" class=\"active fw-fade-slider-content-align-left\"><\/li>\n\t\t\t\t<\/ol>\n\t\t\t\t<div class=\"fw-first-slider-image\" data-image=\"\/\/www.systray.cat\/wp-content\/uploads\/2017\/04\/neis-acc-small-business-training-2.jpg\"><\/div>\n\t\t\t<\/div>\n\t\t<\/div>\n\t<\/div>\n\t\t<\/div>\n\t<\/div>\n<\/div><\/div>\n\n\t<\/div>\n\t<\/section><section   class=\"fw-main-row-custom fw-section-no-padding  auto  fw-section-position-back tf-sh-d972090aa2ad36387cec2144093801f0\"    >\n\t\t\t<div class=\"fw-container\" >\n\t\t<div class=\"fw-row\">\n\t<div id=\"column-69fc9fb557a33\" class=\"fw-col-sm-12 tf-sh-fea88a653d1a44c19533a4c6238067fe\" >\n\t<div class=\"fw-wrap-col-inner clearfix  \"   >\n\t\t\t\t<div class=\"fw-col-inner\">\n\t\t\t<div class=\"fw-divider-space  fw-custom-space  clearfix\" style=\"height:40px;\" ><\/div>\t\t<\/div>\n\t<\/div>\n<\/div><\/div>\n\n<div class=\"fw-row\">\n\t<div id=\"column-69fc9fb557fdb\" class=\"fw-col-sm-12 tf-sh-fea88a653d1a44c19533a4c6238067fe\" >\n\t<div class=\"fw-wrap-col-inner clearfix  \"   >\n\t\t\t\t<div class=\"fw-col-inner\">\n\t\t\t<div class=\"fw-text-box tf-sh-4a56d81e93217e73a49d9602e26b2dfd \" >\n\t<div class=\"fw-text-inner\">\n\t\t<p>Un <strong>ERP es el\u00a0software\u00a0que permite\u00a0administrar la mayor\u00eda de procesos que se hacen en una empresa. <\/strong>Con \u00e9l, podremos gestionar tanto\u00a0compras, ventas, contabilidad como almac\u00e9n y producci\u00f3n.<\/p>\n<p>En el mercado podemos encontrar varios ERP orientados a la PYME. Entre ellos encontramos Microsoft Dynamics (Navision), SAP Business One, Sage Murano, y <strong>A3ERP.<\/strong><\/p>\n\t<\/div>\n<\/div>\t\t<\/div>\n\t<\/div>\n<\/div><\/div>\n\n<div class=\"fw-row\">\n\t<div id=\"column-69fc9fb558512\" class=\"fw-col-sm-12 tf-sh-fea88a653d1a44c19533a4c6238067fe\" >\n\t<div class=\"fw-wrap-col-inner clearfix  \"   >\n\t\t\t\t<div class=\"fw-col-inner\">\n\t\t\t\n\t\n\t\t<div class=\"fw-block-image-parent  \"  style=\"width: 100%; \">\n\t\t\t<span class=\"fw-block-image-child fw-noratio fw-ratio-container\">\n\t\t\t\t<noscript itemscope itemtype=\"https:\/\/schema.org\/ImageObject\" itemprop=\"image\"><img decoding=\"async\" src=\"https:\/\/www.systray.cat\/wp-content\/uploads\/2017\/04\/logos-1.png\"  alt=\"logos\" data-maxdpr=\"1.7\" class=\"lazyload\" \/><meta itemprop=\"url\" content=\"https:\/\/www.systray.cat\/wp-content\/uploads\/2017\/04\/logos-1.png\"><meta itemprop=\"width\" content=\"1000\"><meta itemprop=\"height\" content=\"102\"><\/noscript><img decoding=\"async\" src=\"data:image\/gif;base64,R0lGODlhAQABAIAAAAAAAP\/\/\/yH5BAEAAAAALAAAAAABAAEAAAIBRAA7\" data-sizes=\"auto\" data-srcset=\"https:\/\/www.systray.cat\/wp-content\/uploads\/2017\/04\/logos-1.png\"   alt=\"logos\" data-maxdpr=\"1.7\" class=\"lazyload\" \/><span class=\"fw-after-no-ratio\" style=\"padding-bottom: 10.2%\"><\/span>\t\t\t\t\t\t\t<\/span>\n\t\t<\/div>\n\n\t\n\t\t<\/div>\n\t<\/div>\n<\/div><\/div>\n\n<div class=\"fw-row\">\n\t<div id=\"column-69fc9fb558e43\" class=\"fw-col-sm-12 tf-sh-fea88a653d1a44c19533a4c6238067fe\" >\n\t<div class=\"fw-wrap-col-inner clearfix  \"   >\n\t\t\t\t<div class=\"fw-col-inner\">\n\t\t\t<div class=\"fw-divider-space  fw-custom-space  clearfix\" style=\"height:40px;\" ><\/div>\t\t<\/div>\n\t<\/div>\n<\/div><\/div>\n\n<div class=\"fw-row\">\n\t<div id=\"column-69fc9fb559300\" class=\"fw-col-sm-12 tf-sh-fea88a653d1a44c19533a4c6238067fe\" >\n\t<div class=\"fw-wrap-col-inner clearfix  \"   >\n\t\t\t\t<div class=\"fw-col-inner\">\n\t\t\t<div class=\"fw-heading fw-heading-center  fw-animated-element tf-sh-ab69428fe543088dfc4d365e4bde84ba\"  data-animation-type=\"fadeIn\" data-animation-delay=\"200\">\n\t\t\t<h3 class=\"fw-special-title\">Mejor calidad precio<\/h3>\n\t\n\t\n\t<\/div>\t\t<\/div>\n\t<\/div>\n<\/div><\/div>\n\n<div class=\"fw-row\">\n\t<div id=\"column-69fc9fb559802\" class=\"fw-col-sm-12 tf-sh-fea88a653d1a44c19533a4c6238067fe\" >\n\t<div class=\"fw-wrap-col-inner clearfix  \"   >\n\t\t\t\t<div class=\"fw-col-inner\">\n\t\t\t<div class=\"fw-text-box tf-sh-262200b3684ead73e53504be66b82f0e \" >\n\t<div class=\"fw-text-inner\">\n\t\t<p>Una de las mejores soluciones ERP Calidad precio que podemos encontrar es\u00a0<strong>A3ERP<\/strong>, de la empresa Wolters Kluwer. Este software nos ofrece un producto muy completo que goza de varias ventajas sobre la competencia:<\/p>\n\t<\/div>\n<\/div>\t\t<\/div>\n\t<\/div>\n<\/div><\/div>\n\n<div class=\"fw-row\">\n\t<div id=\"column-69fc9fb559e06\" class=\"fw-col-sm-12 tf-sh-fea88a653d1a44c19533a4c6238067fe\" >\n\t<div class=\"fw-wrap-col-inner clearfix  \"   >\n\t\t\t\t<div class=\"fw-col-inner\">\n\t\t\t<div class=\"fw-divider-space  fw-custom-space  clearfix\" style=\"height:60px;\" ><\/div>\t\t<\/div>\n\t<\/div>\n<\/div><\/div>\n\n<div class=\"fw-row\">\n\t<div id=\"column-69fc9fb55a585\" class=\"fw-col-sm-12 tf-sh-fea88a653d1a44c19533a4c6238067fe\" >\n\t<div class=\"fw-wrap-col-inner clearfix  \"   >\n\t\t\t\t<div class=\"fw-col-inner\">\n\t\t\t\t<div class=\"fw-video tf-sh-5104654e2e9016895f06b5238b5b600b \" >\n\t\t<div class=\"fw-wrap-boxed-media fw-wp-embed-shortcode\"><iframe loading=\"lazy\" title=\"\u27a1\ufe0f a3ERP: el software ERP para pymes f\u00e1cil, eficiente y escalable\" width=\"1920\" height=\"1080\" src=\"https:\/\/www.youtube.com\/embed\/7Ysaf7FG108?feature=oembed\" frameborder=\"0\" allow=\"accelerometer; autoplay; clipboard-write; encrypted-media; gyroscope; picture-in-picture; web-share\" referrerpolicy=\"strict-origin-when-cross-origin\" allowfullscreen><\/iframe><\/div>\t<\/div>\n\t\t<\/div>\n\t<\/div>\n<\/div><\/div>\n\n<div class=\"fw-row\">\n\t<div id=\"column-69fc9fb55bb24\" class=\"fw-col-sm-12 tf-sh-fea88a653d1a44c19533a4c6238067fe\" >\n\t<div class=\"fw-wrap-col-inner clearfix  \"   >\n\t\t\t\t<div class=\"fw-col-inner\">\n\t\t\t<div class=\"fw-divider-space  fw-custom-space  clearfix\" style=\"height:20px;\" ><\/div>\t\t<\/div>\n\t<\/div>\n<\/div><\/div>\n\n<div class=\"fw-row\">\n\t<div id=\"column-69fc9fb55c268\" class=\"fw-col-sm-12 tf-sh-fea88a653d1a44c19533a4c6238067fe\" >\n\t<div class=\"fw-wrap-col-inner clearfix  \"   >\n\t\t\t\t<div class=\"fw-col-inner\">\n\t\t\t\n\t\n\t\t<div class=\"fw-block-image-parent  fw-block-image-center\"  style=\"width: 567px; \">\n\t\t\t<span class=\"fw-block-image-child fw-noratio fw-ratio-container\">\n\t\t\t\t<noscript itemscope itemtype=\"https:\/\/schema.org\/ImageObject\" itemprop=\"image\"><img decoding=\"async\" src=\"https:\/\/www.systray.cat\/wp-content\/uploads\/2017\/04\/cabecera_a3erp.png\"  alt=\"cabecera_a3erp\" data-maxdpr=\"1.7\" width=\"567\" class=\"lazyload\" \/><meta itemprop=\"url\" content=\"https:\/\/www.systray.cat\/wp-content\/uploads\/2017\/04\/cabecera_a3erp.png\"><meta itemprop=\"width\" content=\"567\"><meta itemprop=\"height\" content=\"141\"><\/noscript><img decoding=\"async\" src=\"data:image\/gif;base64,R0lGODlhAQABAIAAAAAAAP\/\/\/yH5BAEAAAAALAAAAAABAAEAAAIBRAA7\" data-sizes=\"auto\" data-srcset=\"https:\/\/www.systray.cat\/wp-content\/uploads\/2017\/04\/cabecera_a3erp.png\"   alt=\"cabecera_a3erp\" data-maxdpr=\"1.7\" width=\"567\" class=\"lazyload\" \/><span class=\"fw-after-no-ratio\" style=\"padding-bottom: 24.867724867725%\"><\/span>\t\t\t\t\t\t\t<\/span>\n\t\t<\/div>\n\n\t\n\t\t<\/div>\n\t<\/div>\n<\/div><\/div>\n\n<div class=\"fw-row\">\n\t<div id=\"column-69fc9fb55ce72\" class=\"fw-col-sm-12 tf-sh-fea88a653d1a44c19533a4c6238067fe\" >\n\t<div class=\"fw-wrap-col-inner clearfix  \"   >\n\t\t\t\t<div class=\"fw-col-inner\">\n\t\t\t<div class=\"fw-divider-space  fw-custom-space  clearfix\" style=\"height:20px;\" ><\/div>\t\t<\/div>\n\t<\/div>\n<\/div><\/div>\n\n<div class=\"fw-row\">\n\t<div id=\"column-69fc9fb55d5bb\" class=\"fw-col-sm-12 tf-sh-fea88a653d1a44c19533a4c6238067fe\" >\n\t<div class=\"fw-wrap-col-inner clearfix  \"   >\n\t\t\t\t<div class=\"fw-col-inner\">\n\t\t\t<div class=\"fw-text-box tf-sh-7d07a8b632eca4a87555d8e4ea06baee \" >\n\t<div class=\"fw-text-inner\">\n\t\t<ul>\n<li><strong>\u00c1gil y flexible: <\/strong>A3ERP\u00a0se adapta al funcionamiento de su empresa.\u00a0No le obliga a seguir un burocr\u00e1tico\u00a0flujo de documentos, nos permite adaptarlo a las necesidades reales de su empresa.<\/li>\n<li><strong>Seguro:\u00a0<\/strong>su sistema de permisos nos permite limitar lo que puede ver y hacer cada usuario.<\/li>\n<li><strong>Licencias concurrentes:<\/strong> podemos instalar A3ERP en tantos puestos de trabajo como necesitemos. Pagaremos las licencias seg\u00fan el n\u00famero de instancias del programa que est\u00e9n en uso. (por ejemplo, pagamos 2 licencias si tenemos el programa instalado en 5 PC pero nunca lo utilizamos a la vez en m\u00e1s de 2 equipos).\u00a0<\/li>\n<li><strong>Modalidad de alquiler:<\/strong> puede comenzar a utilizar A3ERP con el mejor precio del mercado, <strong>desde 30\u20ac en la versi\u00f3n A3ERP Profesional.<\/strong><\/li>\n<li><strong>F\u00e1cil integraci\u00f3n<\/strong>:\u00a0nos permite f\u00e1cilmente adaptar aplicaciones a medida conectadas a sus datos. Las aplicaciones a medida nos ayudar\u00e1n a cubrir diversos procesos complejos no est\u00e1ndares de la forma m\u00e1s \u00e1gil e integrada con nuestro ERP.<\/li>\n<\/ul>\n\t<\/div>\n<\/div>\t\t<\/div>\n\t<\/div>\n<\/div><\/div>\n\n<div class=\"fw-row\">\n\t<div id=\"column-69fc9fb55ddbb\" class=\"fw-col-sm-12 tf-sh-fea88a653d1a44c19533a4c6238067fe\" >\n\t<div class=\"fw-wrap-col-inner clearfix  \"   >\n\t\t\t\t<div class=\"fw-col-inner\">\n\t\t\t<div class=\"fw-divider-space  fw-custom-space  clearfix\" style=\"height:20px;\" ><\/div>\t\t<\/div>\n\t<\/div>\n<\/div><\/div>\n\n<div class=\"fw-row\">\n\t<div id=\"column-69fc9fb55e50b\" class=\"fw-col-sm-12 tf-sh-fea88a653d1a44c19533a4c6238067fe\" >\n\t<div class=\"fw-wrap-col-inner clearfix  \"   >\n\t\t\t\t<div class=\"fw-col-inner\">\n\t\t\t<div class=\"text-center\">\t<a href=\"wp-content\/uploads\/2017\/04\/a3ERP-plus.pdf\" target=\"_self\" class=\"fw-btn tf-sh-67315aed1728c42b6e9106db1fa43823  fw-btn-md   fw-btn-1\"  style=\"\">\n\t\t<span >\n\t\t\t<i class=\"pull-left-icon fa fa-file-pdf-o\" style=\"font-size:12px;\"><\/i>Echa un vistazo a la ficha t\u00e9cnica\t\t<\/span>\n\t<\/a>\n<\/div>\t\t<\/div>\n\t<\/div>\n<\/div><\/div>\n\n<div class=\"fw-row\">\n\t<div id=\"column-69fc9fb55ed89\" class=\"fw-col-sm-12 tf-sh-fea88a653d1a44c19533a4c6238067fe\" >\n\t<div class=\"fw-wrap-col-inner clearfix  \"   >\n\t\t\t\t<div class=\"fw-col-inner\">\n\t\t\t<div class=\"fw-divider-space  fw-custom-space  clearfix\" style=\"height:60px;\" ><\/div>\t\t<\/div>\n\t<\/div>\n<\/div><\/div>\n\n\t<\/div>\n\t<\/section><\/p>\n","protected":false},"excerpt":{"rendered":"<p>El mejor ERP para PYMES Un ERP es el\u00a0software\u00a0que permite\u00a0administrar la mayor\u00eda de procesos que se hacen en una empresa. Con \u00e9l, podremos gestionar tanto\u00a0compras, ventas, contabilidad como almac\u00e9n y producci\u00f3n. En el mercado podemos encontrar varios ERP orientados a la PYME. Entre ellos encontramos Microsoft Dynamics (Navision), SAP Business One, Sage Murano, y A3ERP. [&hellip;]<\/p>\n","protected":false},"author":1,"featured_media":0,"parent":0,"menu_order":0,"comment_status":"closed","ping_status":"closed","template":"visual-builder-template.php","meta":{"footnotes":""},"class_list":["post-603","page","type-page","status-publish","hentry"],"yoast_head":"<!-- This site is optimized with the Yoast SEO plugin v27.5 - https:\/\/yoast.com\/product\/yoast-seo-wordpress\/ -->\n<title>El mejor ERP para las PYMES | Systray Solutions<\/title>\n<meta name=\"description\" content=\"Uno de los mejores ERP del mercado con el que podremos gestionar tanto compras como ventas, contabilidad, producci\u00f3n, trazabilidad, control de almac\u00e9n...\" \/>\n<meta name=\"robots\" content=\"index, follow, max-snippet:-1, max-image-preview:large, max-video-preview:-1\" \/>\n<link rel=\"canonical\" href=\"https:\/\/www.systray.cat\/es\/el-mejor-erp-para-pymes\/\" \/>\n<meta property=\"og:locale\" content=\"es_ES\" \/>\n<meta property=\"og:type\" content=\"article\" \/>\n<meta property=\"og:title\" content=\"El mejor ERP para las PYMES | Systray Solutions\" \/>\n<meta property=\"og:description\" content=\"Uno de los mejores ERP del mercado con el que podremos gestionar tanto compras como ventas, contabilidad, producci\u00f3n, trazabilidad, control de almac\u00e9n...\" \/>\n<meta property=\"og:url\" content=\"https:\/\/www.systray.cat\/es\/el-mejor-erp-para-pymes\/\" \/>\n<meta property=\"og:site_name\" content=\"Systray Solutions\" \/>\n<meta property=\"article:modified_time\" content=\"2025-01-27T14:54:25+00:00\" \/>\n<meta property=\"og:image\" content=\"https:\/\/www.systray.cat\/wp-content\/uploads\/2017\/04\/logos-1.png\" \/>\n<meta name=\"twitter:card\" content=\"summary_large_image\" \/>\n<meta name=\"twitter:label1\" content=\"Tiempo de lectura\" \/>\n\t<meta name=\"twitter:data1\" content=\"2 minutos\" \/>\n<script type=\"application\/ld+json\" class=\"yoast-schema-graph\">{\"@context\":\"https:\\\/\\\/schema.org\",\"@graph\":[{\"@type\":\"WebPage\",\"@id\":\"https:\\\/\\\/www.systray.cat\\\/es\\\/el-mejor-erp-para-pymes\\\/\",\"url\":\"https:\\\/\\\/www.systray.cat\\\/es\\\/el-mejor-erp-para-pymes\\\/\",\"name\":\"El mejor ERP para las PYMES | Systray Solutions\",\"isPartOf\":{\"@id\":\"https:\\\/\\\/www.systray.cat\\\/es\\\/#website\"},\"primaryImageOfPage\":{\"@id\":\"https:\\\/\\\/www.systray.cat\\\/es\\\/el-mejor-erp-para-pymes\\\/#primaryimage\"},\"image\":{\"@id\":\"https:\\\/\\\/www.systray.cat\\\/es\\\/el-mejor-erp-para-pymes\\\/#primaryimage\"},\"thumbnailUrl\":\"https:\\\/\\\/www.systray.cat\\\/wp-content\\\/uploads\\\/2017\\\/04\\\/logos-1.png\",\"datePublished\":\"2017-04-11T08:42:58+00:00\",\"dateModified\":\"2025-01-27T14:54:25+00:00\",\"description\":\"Uno de los mejores ERP del mercado con el que podremos gestionar tanto compras como ventas, contabilidad, producci\u00f3n, trazabilidad, control de almac\u00e9n...\",\"breadcrumb\":{\"@id\":\"https:\\\/\\\/www.systray.cat\\\/es\\\/el-mejor-erp-para-pymes\\\/#breadcrumb\"},\"inLanguage\":\"es\",\"potentialAction\":[{\"@type\":\"ReadAction\",\"target\":[\"https:\\\/\\\/www.systray.cat\\\/es\\\/el-mejor-erp-para-pymes\\\/\"]}]},{\"@type\":\"ImageObject\",\"inLanguage\":\"es\",\"@id\":\"https:\\\/\\\/www.systray.cat\\\/es\\\/el-mejor-erp-para-pymes\\\/#primaryimage\",\"url\":\"https:\\\/\\\/www.systray.cat\\\/wp-content\\\/uploads\\\/2017\\\/04\\\/logos-1.png\",\"contentUrl\":\"https:\\\/\\\/www.systray.cat\\\/wp-content\\\/uploads\\\/2017\\\/04\\\/logos-1.png\"},{\"@type\":\"BreadcrumbList\",\"@id\":\"https:\\\/\\\/www.systray.cat\\\/es\\\/el-mejor-erp-para-pymes\\\/#breadcrumb\",\"itemListElement\":[{\"@type\":\"ListItem\",\"position\":1,\"name\":\"Home\",\"item\":\"https:\\\/\\\/www.systray.cat\\\/es\\\/\"},{\"@type\":\"ListItem\",\"position\":2,\"name\":\"El mejor ERP para las PYMES\"}]},{\"@type\":\"WebSite\",\"@id\":\"https:\\\/\\\/www.systray.cat\\\/es\\\/#website\",\"url\":\"https:\\\/\\\/www.systray.cat\\\/es\\\/\",\"name\":\"Systray Solutions\",\"description\":\"\",\"publisher\":{\"@id\":\"https:\\\/\\\/www.systray.cat\\\/es\\\/#organization\"},\"potentialAction\":[{\"@type\":\"SearchAction\",\"target\":{\"@type\":\"EntryPoint\",\"urlTemplate\":\"https:\\\/\\\/www.systray.cat\\\/es\\\/?s={search_term_string}\"},\"query-input\":{\"@type\":\"PropertyValueSpecification\",\"valueRequired\":true,\"valueName\":\"search_term_string\"}}],\"inLanguage\":\"es\"},{\"@type\":\"Organization\",\"@id\":\"https:\\\/\\\/www.systray.cat\\\/es\\\/#organization\",\"name\":\"Systray Solutions\",\"url\":\"https:\\\/\\\/www.systray.cat\\\/es\\\/\",\"logo\":{\"@type\":\"ImageObject\",\"inLanguage\":\"es\",\"@id\":\"https:\\\/\\\/www.systray.cat\\\/es\\\/#\\\/schema\\\/logo\\\/image\\\/\",\"url\":\"https:\\\/\\\/www.systray.cat\\\/wp-content\\\/uploads\\\/2019\\\/01\\\/LOGOTIP-Cuadrat-1.jpg\",\"contentUrl\":\"https:\\\/\\\/www.systray.cat\\\/wp-content\\\/uploads\\\/2019\\\/01\\\/LOGOTIP-Cuadrat-1.jpg\",\"width\":250,\"height\":250,\"caption\":\"Systray Solutions\"},\"image\":{\"@id\":\"https:\\\/\\\/www.systray.cat\\\/es\\\/#\\\/schema\\\/logo\\\/image\\\/\"}}]}<\/script>\n<!-- \/ Yoast SEO plugin. -->","yoast_head_json":{"title":"El mejor ERP para las PYMES | Systray Solutions","description":"Uno de los mejores ERP del mercado con el que podremos gestionar tanto compras como ventas, contabilidad, producci\u00f3n, trazabilidad, control de almac\u00e9n...","robots":{"index":"index","follow":"follow","max-snippet":"max-snippet:-1","max-image-preview":"max-image-preview:large","max-video-preview":"max-video-preview:-1"},"canonical":"https:\/\/www.systray.cat\/es\/el-mejor-erp-para-pymes\/","og_locale":"es_ES","og_type":"article","og_title":"El mejor ERP para las PYMES | Systray Solutions","og_description":"Uno de los mejores ERP del mercado con el que podremos gestionar tanto compras como ventas, contabilidad, producci\u00f3n, trazabilidad, control de almac\u00e9n...","og_url":"https:\/\/www.systray.cat\/es\/el-mejor-erp-para-pymes\/","og_site_name":"Systray Solutions","article_modified_time":"2025-01-27T14:54:25+00:00","og_image":[{"url":"https:\/\/www.systray.cat\/wp-content\/uploads\/2017\/04\/logos-1.png","type":"","width":"","height":""}],"twitter_card":"summary_large_image","twitter_misc":{"Tiempo de lectura":"2 minutos"},"schema":{"@context":"https:\/\/schema.org","@graph":[{"@type":"WebPage","@id":"https:\/\/www.systray.cat\/es\/el-mejor-erp-para-pymes\/","url":"https:\/\/www.systray.cat\/es\/el-mejor-erp-para-pymes\/","name":"El mejor ERP para las PYMES | Systray Solutions","isPartOf":{"@id":"https:\/\/www.systray.cat\/es\/#website"},"primaryImageOfPage":{"@id":"https:\/\/www.systray.cat\/es\/el-mejor-erp-para-pymes\/#primaryimage"},"image":{"@id":"https:\/\/www.systray.cat\/es\/el-mejor-erp-para-pymes\/#primaryimage"},"thumbnailUrl":"https:\/\/www.systray.cat\/wp-content\/uploads\/2017\/04\/logos-1.png","datePublished":"2017-04-11T08:42:58+00:00","dateModified":"2025-01-27T14:54:25+00:00","description":"Uno de los mejores ERP del mercado con el que podremos gestionar tanto compras como ventas, contabilidad, producci\u00f3n, trazabilidad, control de almac\u00e9n...","breadcrumb":{"@id":"https:\/\/www.systray.cat\/es\/el-mejor-erp-para-pymes\/#breadcrumb"},"inLanguage":"es","potentialAction":[{"@type":"ReadAction","target":["https:\/\/www.systray.cat\/es\/el-mejor-erp-para-pymes\/"]}]},{"@type":"ImageObject","inLanguage":"es","@id":"https:\/\/www.systray.cat\/es\/el-mejor-erp-para-pymes\/#primaryimage","url":"https:\/\/www.systray.cat\/wp-content\/uploads\/2017\/04\/logos-1.png","contentUrl":"https:\/\/www.systray.cat\/wp-content\/uploads\/2017\/04\/logos-1.png"},{"@type":"BreadcrumbList","@id":"https:\/\/www.systray.cat\/es\/el-mejor-erp-para-pymes\/#breadcrumb","itemListElement":[{"@type":"ListItem","position":1,"name":"Home","item":"https:\/\/www.systray.cat\/es\/"},{"@type":"ListItem","position":2,"name":"El mejor ERP para las PYMES"}]},{"@type":"WebSite","@id":"https:\/\/www.systray.cat\/es\/#website","url":"https:\/\/www.systray.cat\/es\/","name":"Systray Solutions","description":"","publisher":{"@id":"https:\/\/www.systray.cat\/es\/#organization"},"potentialAction":[{"@type":"SearchAction","target":{"@type":"EntryPoint","urlTemplate":"https:\/\/www.systray.cat\/es\/?s={search_term_string}"},"query-input":{"@type":"PropertyValueSpecification","valueRequired":true,"valueName":"search_term_string"}}],"inLanguage":"es"},{"@type":"Organization","@id":"https:\/\/www.systray.cat\/es\/#organization","name":"Systray Solutions","url":"https:\/\/www.systray.cat\/es\/","logo":{"@type":"ImageObject","inLanguage":"es","@id":"https:\/\/www.systray.cat\/es\/#\/schema\/logo\/image\/","url":"https:\/\/www.systray.cat\/wp-content\/uploads\/2019\/01\/LOGOTIP-Cuadrat-1.jpg","contentUrl":"https:\/\/www.systray.cat\/wp-content\/uploads\/2019\/01\/LOGOTIP-Cuadrat-1.jpg","width":250,"height":250,"caption":"Systray Solutions"},"image":{"@id":"https:\/\/www.systray.cat\/es\/#\/schema\/logo\/image\/"}}]}},"_links":{"self":[{"href":"https:\/\/www.systray.cat\/es\/wp-json\/wp\/v2\/pages\/603","targetHints":{"allow":["GET"]}}],"collection":[{"href":"https:\/\/www.systray.cat\/es\/wp-json\/wp\/v2\/pages"}],"about":[{"href":"https:\/\/www.systray.cat\/es\/wp-json\/wp\/v2\/types\/page"}],"author":[{"embeddable":true,"href":"https:\/\/www.systray.cat\/es\/wp-json\/wp\/v2\/users\/1"}],"replies":[{"embeddable":true,"href":"https:\/\/www.systray.cat\/es\/wp-json\/wp\/v2\/comments?post=603"}],"version-history":[{"count":3,"href":"https:\/\/www.systray.cat\/es\/wp-json\/wp\/v2\/pages\/603\/revisions"}],"predecessor-version":[{"id":1545,"href":"https:\/\/www.systray.cat\/es\/wp-json\/wp\/v2\/pages\/603\/revisions\/1545"}],"wp:attachment":[{"href":"https:\/\/www.systray.cat\/es\/wp-json\/wp\/v2\/media?parent=603"}],"curies":[{"name":"wp","href":"https:\/\/api.w.org\/{rel}","templated":true}]}}